{"id":9,"date":"2012-02-02T21:22:53","date_gmt":"2012-02-02T21:22:53","guid":{"rendered":"http:\/\/www.notfallseelsorge-landkreis-cham.de\/?page_id=9"},"modified":"2012-03-29T17:56:21","modified_gmt":"2012-03-29T17:56:21","slug":"geschichte","status":"publish","type":"page","link":"https:\/\/www.notfallseelsorge-cham.de\/?page_id=9","title":{"rendered":"Geschichte"},"content":{"rendered":"<p>Die notfallmedizinische Versorgung bei Ungl\u00fccksf\u00e4llen ist in Deutschland gut geregelt. Aber auch unverletzte Beteiligte, Angeh\u00f6rige und Zeugen sind Betroffene und ben\u00f6tigen manchmal Beistand.<\/p>\n<p>Diese \u00dcberlegungen f\u00fchrten dazu, dass im Jahr 1995 ein Arbeitskreis Notfallseelsorge unter der Tr\u00e4gerschaft der FFW Furth im Wald gegr\u00fcndet wurde. Nach dieser Aufbau- und Orientierungsphase gr\u00fcndeten die Mitglieder des Arbeitskreises im September 1996 den Verein<\/p>\n<p style=\"text-align: center;\"><strong>Gemeinsam f\u00fcr das Leben im Landkreis Cham e.V.<\/strong><\/p>\n","protected":false},"excerpt":{"rendered":"<p>Die notfallmedizinische Versorgung bei Ungl\u00fccksf\u00e4llen ist in Deutschland gut geregelt. Aber auch unverletzte Beteiligte, Angeh\u00f6rige und Zeugen sind Betroffene und ben\u00f6tigen manchmal Beistand. Diese \u00dcberlegungen f\u00fchrten dazu, dass im Jahr 1995 ein Arbeitskreis Notfallseelsorge unter der Tr\u00e4gerschaft der FFW Furth &hellip; <a href=\"https:\/\/www.notfallseelsorge-cham.de\/?page_id=9\">Weiterlesen <span class=\"meta-nav\">&rarr;<\/span><\/a><\/p>\n","protected":false},"author":1,"featured_media":0,"parent":0,"menu_order":30,"comment_status":"closed","ping_status":"closed","template":"sidebar-page.php","meta":[],"_links":{"self":[{"href":"https:\/\/www.notfallseelsorge-cham.de\/index.php?rest_route=\/wp\/v2\/pages\/9"}],"collection":[{"href":"https:\/\/www.notfallseelsorge-cham.de\/index.php?rest_route=\/wp\/v2\/pages"}],"about":[{"href":"https:\/\/www.notfallseelsorge-cham.de\/index.php?rest_route=\/wp\/v2\/types\/page"}],"author":[{"embeddable":true,"href":"https:\/\/www.notfallseelsorge-cham.de\/index.php?rest_route=\/wp\/v2\/users\/1"}],"replies":[{"embeddable":true,"href":"https:\/\/www.notfallseelsorge-cham.de\/index.php?rest_route=%2Fwp%2Fv2%2Fcomments&post=9"}],"version-history":[{"count":9,"href":"https:\/\/www.notfallseelsorge-cham.de\/index.php?rest_route=\/wp\/v2\/pages\/9\/revisions"}],"predecessor-version":[{"id":133,"href":"https:\/\/www.notfallseelsorge-cham.de\/index.php?rest_route=\/wp\/v2\/pages\/9\/revisions\/133"}],"wp:attachment":[{"href":"https:\/\/www.notfallseelsorge-cham.de\/index.php?rest_route=%2Fwp%2Fv2%2Fmedia&parent=9"}],"curies":[{"name":"wp","href":"https:\/\/api.w.org\/{rel}","templated":true}]}}