{"id":25,"date":"2012-02-02T21:38:19","date_gmt":"2012-02-02T21:38:19","guid":{"rendered":"http:\/\/www.notfallseelsorge-landkreis-cham.de\/?page_id=25"},"modified":"2012-05-12T10:01:56","modified_gmt":"2012-05-12T10:01:56","slug":"archiv","status":"publish","type":"page","link":"https:\/\/www.notfallseelsorge-cham.de\/?page_id=25","title":{"rendered":"Archiv"},"content":{"rendered":"<h1>Einsatzleiter Richard Kreuzer als Gratulant beim Papst (Vielen Dank an Markus Sackmann f\u00fcr das Bild)<\/h1>\n<div class=\"mceTemp\">\n<p><a href=\"http:\/\/www.notfallseelsorge-cham.de\/wp-content\/uploads\/2012\/02\/Vatikan.jpg\"><img decoding=\"async\" loading=\"lazy\" class=\"alignleft  wp-image-152\" title=\"Papstbesuch\" src=\"http:\/\/www.notfallseelsorge-cham.de\/wp-content\/uploads\/2012\/02\/Vatikan-300x292.jpg\" alt=\"\" width=\"218\" height=\"206\" \/><\/a><\/p>\n<p>&nbsp;<\/p>\n<p>&nbsp;<\/p>\n<p>&nbsp;<\/p>\n<p>&nbsp;<\/p>\n<p>&nbsp;<\/p>\n<h1>VR-Mobil XXL geht nach Furth im Wald<\/h1>\n<\/div>\n<p><strong><a href=\"http:\/\/www.notfallseelsorge-landkreis-cham.de\/wp-content\/uploads\/2012\/02\/vr-mobil.jpg\"><img decoding=\"async\" loading=\"lazy\" class=\"alignleft size-full wp-image-64\" title=\"vr-mobil\" src=\"http:\/\/www.notfallseelsorge-landkreis-cham.de\/wp-content\/uploads\/2012\/02\/vr-mobil.jpg\" alt=\"\" width=\"190\" height=\"112\" \/><\/a>Martina Dimpfl aus Furth im Wald bewarb sich im Namen der Notfallseelsorge im Landkreis Cham um den VW-Bus des Regierungsbezirkes Oberpfalz. Aus insgesamt 1.600 Bewerbungen wurde auf Bayern 1 im Rahmen der Sendung &#8222;Bayerns beste Bayern&#8220; f\u00fcr die Oberpfalz der Verein &#8222;Gemeinsam f\u00fcr das Leben Landkreis Cham e.V.&#8220; (Notfallseelsorge) ausgelost.<\/strong><\/p>\n<p>Die sieben fabrikneuen VR-Mobile XXL sind am Donnerstagmorgen vom M\u00fcnchner Funkhaus in alle Himmelsrichtungen in Bayern gestartet. Ein Ziel war der Rathausplatz in Furth im Wald, auf dem die gl\u00fccklichen Gewinner der Oberpfalz bereits auf ihren nagelneuen VW-Bus warteten.<em><br \/>\n(Textauszug aus der Pressemitteilung der Raiffeisenbank Cham-Roding-Furth im Wald)<\/em><\/p>\n<h1>Eins\u00e4tze bei Fu\u00dfball-WM und Papstbesuch<\/h1>\n<p>Beeindruckende und nicht allt\u00e4gliche Eins\u00e4tze, die zum Teil \u00fcber mehrere Tage gingen, leisteten die Mitarbeiterinnen und Mitarbeiter der Notfallseelsorge bei der FIFA-WM 2006 im Austragungsort M\u00fcnchen und beim Papstbesuch in Regensburg 2006.<\/p>\n<p><img decoding=\"async\" loading=\"lazy\" class=\"size-medium wp-image-63 alignleft\" title=\"Beim Papstbesuch in Regensburg (2006)\" src=\"http:\/\/www.notfallseelsorge-landkreis-cham.de\/wp-content\/uploads\/2012\/02\/Papst-300x200.jpg\" alt=\"\" width=\"300\" height=\"200\" srcset=\"https:\/\/www.notfallseelsorge-cham.de\/wp-content\/uploads\/2012\/02\/Papst-300x200.jpg 300w, https:\/\/www.notfallseelsorge-cham.de\/wp-content\/uploads\/2012\/02\/Papst.jpg 640w\" sizes=\"(max-width: 300px) 100vw, 300px\" \/><\/p>\n<p><img decoding=\"async\" loading=\"lazy\" class=\"alignnone size-medium wp-image-65\" title=\"WM1\" src=\"http:\/\/www.notfallseelsorge-landkreis-cham.de\/wp-content\/uploads\/2012\/02\/WM1-300x225.jpg\" alt=\"\" width=\"300\" height=\"225\" srcset=\"https:\/\/www.notfallseelsorge-cham.de\/wp-content\/uploads\/2012\/02\/WM1-300x225.jpg 300w, https:\/\/www.notfallseelsorge-cham.de\/wp-content\/uploads\/2012\/02\/WM1.jpg 640w\" sizes=\"(max-width: 300px) 100vw, 300px\" \/>\u00a0\u00a0\u00a0\u00a0\u00a0\u00a0\u00a0 <img decoding=\"async\" loading=\"lazy\" class=\"alignnone size-medium wp-image-66\" title=\"WM2\" src=\"http:\/\/www.notfallseelsorge-landkreis-cham.de\/wp-content\/uploads\/2012\/02\/WM2-300x225.jpg\" alt=\"\" width=\"300\" height=\"225\" srcset=\"https:\/\/www.notfallseelsorge-cham.de\/wp-content\/uploads\/2012\/02\/WM2-300x225.jpg 300w, https:\/\/www.notfallseelsorge-cham.de\/wp-content\/uploads\/2012\/02\/WM2.jpg 640w\" sizes=\"(max-width: 300px) 100vw, 300px\" \/><\/p>\n<address>\u00a0<\/address>\n","protected":false},"excerpt":{"rendered":"<p>Einsatzleiter Richard Kreuzer als Gratulant beim Papst (Vielen Dank an Markus Sackmann f\u00fcr das Bild) &nbsp; &nbsp; &nbsp; &nbsp; &nbsp; VR-Mobil XXL geht nach Furth im Wald Martina Dimpfl aus Furth im Wald bewarb sich im Namen der Notfallseelsorge im &hellip; <a href=\"https:\/\/www.notfallseelsorge-cham.de\/?page_id=25\">Weiterlesen <span class=\"meta-nav\">&rarr;<\/span><\/a><\/p>\n","protected":false},"author":1,"featured_media":0,"parent":0,"menu_order":50,"comment_status":"closed","ping_status":"closed","template":"sidebar-page.php","meta":[],"_links":{"self":[{"href":"https:\/\/www.notfallseelsorge-cham.de\/index.php?rest_route=\/wp\/v2\/pages\/25"}],"collection":[{"href":"https:\/\/www.notfallseelsorge-cham.de\/index.php?rest_route=\/wp\/v2\/pages"}],"about":[{"href":"https:\/\/www.notfallseelsorge-cham.de\/index.php?rest_route=\/wp\/v2\/types\/page"}],"author":[{"embeddable":true,"href":"https:\/\/www.notfallseelsorge-cham.de\/index.php?rest_route=\/wp\/v2\/users\/1"}],"replies":[{"embeddable":true,"href":"https:\/\/www.notfallseelsorge-cham.de\/index.php?rest_route=%2Fwp%2Fv2%2Fcomments&post=25"}],"version-history":[{"count":16,"href":"https:\/\/www.notfallseelsorge-cham.de\/index.php?rest_route=\/wp\/v2\/pages\/25\/revisions"}],"predecessor-version":[{"id":27,"href":"https:\/\/www.notfallseelsorge-cham.de\/index.php?rest_route=\/wp\/v2\/pages\/25\/revisions\/27"}],"wp:attachment":[{"href":"https:\/\/www.notfallseelsorge-cham.de\/index.php?rest_route=%2Fwp%2Fv2%2Fmedia&parent=25"}],"curies":[{"name":"wp","href":"https:\/\/api.w.org\/{rel}","templated":true}]}}