{"id":2,"date":"2012-01-31T13:34:47","date_gmt":"2012-01-31T13:34:47","guid":{"rendered":"http:\/\/www.notfallseelsorge-landkreis-cham.de\/?page_id=2"},"modified":"2012-03-29T17:53:14","modified_gmt":"2012-03-29T17:53:14","slug":"beispiel-seite","status":"publish","type":"page","link":"https:\/\/www.notfallseelsorge-cham.de\/?page_id=2","title":{"rendered":"Wir \u00fcber uns"},"content":{"rendered":"<p>Gemeinsam f\u00fcr das Leben im Landkreis Cham e.V. ist ein gemeinn\u00fctziger Verein, dessen Mitarbeiterinnen und Mitarbeiter Menschen in akuten Notsituationen betreuen. Wir arbeiten auf der Grundlage christlicher Wertvorstellungen, konfessions\u00fcbergreifend, interreligi\u00f6s und interkulturell.\u00a0<\/p>\n<p>Es ist unser Anliegen, Betroffene in der ersten Zeit nach einem pl\u00f6tzlich eintretenden, besonders schwerwiegenden Ereignis zu begleiten.<\/p>\n<p><span style=\"color: #ff0000;\"><strong>Alle unsere Mitarbeiter sind zur Verschwiegenheit verpflichtet.<\/strong><\/span><\/p>\n<p>Unser Einsatz erfolgt immer kostenlos!<\/p>\n<p>Alle unsere Mitarbeiter bilden sich f\u00fcr diese Aufgabe st\u00e4ndig weiter.<\/p>\n<p>&nbsp;<\/p>\n","protected":false},"excerpt":{"rendered":"<p>Gemeinsam f\u00fcr das Leben im Landkreis Cham e.V. ist ein gemeinn\u00fctziger Verein, dessen Mitarbeiterinnen und Mitarbeiter Menschen in akuten Notsituationen betreuen. Wir arbeiten auf der Grundlage christlicher Wertvorstellungen, konfessions\u00fcbergreifend, interreligi\u00f6s und interkulturell.\u00a0 Es ist unser Anliegen, Betroffene in der ersten &hellip; <a href=\"https:\/\/www.notfallseelsorge-cham.de\/?page_id=2\">Weiterlesen <span class=\"meta-nav\">&rarr;<\/span><\/a><\/p>\n","protected":false},"author":1,"featured_media":0,"parent":0,"menu_order":20,"comment_status":"closed","ping_status":"closed","template":"sidebar-page.php","meta":[],"_links":{"self":[{"href":"https:\/\/www.notfallseelsorge-cham.de\/index.php?rest_route=\/wp\/v2\/pages\/2"}],"collection":[{"href":"https:\/\/www.notfallseelsorge-cham.de\/index.php?rest_route=\/wp\/v2\/pages"}],"about":[{"href":"https:\/\/www.notfallseelsorge-cham.de\/index.php?rest_route=\/wp\/v2\/types\/page"}],"author":[{"embeddable":true,"href":"https:\/\/www.notfallseelsorge-cham.de\/index.php?rest_route=\/wp\/v2\/users\/1"}],"replies":[{"embeddable":true,"href":"https:\/\/www.notfallseelsorge-cham.de\/index.php?rest_route=%2Fwp%2Fv2%2Fcomments&post=2"}],"version-history":[{"count":11,"href":"https:\/\/www.notfallseelsorge-cham.de\/index.php?rest_route=\/wp\/v2\/pages\/2\/revisions"}],"predecessor-version":[{"id":137,"href":"https:\/\/www.notfallseelsorge-cham.de\/index.php?rest_route=\/wp\/v2\/pages\/2\/revisions\/137"}],"wp:attachment":[{"href":"https:\/\/www.notfallseelsorge-cham.de\/index.php?rest_route=%2Fwp%2Fv2%2Fmedia&parent=2"}],"curies":[{"name":"wp","href":"https:\/\/api.w.org\/{rel}","templated":true}]}}