{"id":18,"date":"2012-02-02T21:32:04","date_gmt":"2012-02-02T21:32:04","guid":{"rendered":"http:\/\/www.notfallseelsorge-landkreis-cham.de\/?page_id=18"},"modified":"2025-06-27T17:56:08","modified_gmt":"2025-06-27T17:56:08","slug":"startseite","status":"publish","type":"page","link":"https:\/\/www.notfallseelsorge-cham.de\/","title":{"rendered":"Startseite"},"content":{"rendered":"<p>Gemeinsam f\u00fcr das Leben im Landkreis Cham e.V.<\/p>\n<p>Wir stehen Ihnen zur Seite, wenn<\/p>\n<ul>\n<li>Ungl\u00fccksf\u00e4lle \u00fcber Sie hereingebrochen sind,<\/li>\n<li>Ihnen schlimme Ereignisse den Boden unter den F\u00fc\u00dfen wegziehen,<\/li>\n<li>Sie jemanden brauchen, der Ihren Schmerz mit aush\u00e4lt oder<\/li>\n<li>Sie nicht wissen, was Sie als n\u00e4chstes tun sollen.<\/li>\n<\/ul>\n<p>Wir versuchen Ihnen beizustehen, bis Sie wieder in Ihrem eigenen Umfeld Halt finden.<\/p>\n<p>Unsere Alarmierung erfolgt \u00fcber die Integrierte Leitstelle Regensburg, in der Regel auf Anforderung von Polizei, Feuerwehr und Rettungsdiensten.<\/p>\n<p style=\"text-align: center; font-size: xx-large;\">Telefon 112<\/p>\n<p>Ihr Team der Notfallseelsorge und Krisenintervention<\/p>\n<p>Thomas Meindl\u00a0 \u00a0 \u00a0 \u00a0 \u00a0 \u00a0 \u00a0 \u00a0 \u00a0 \u00a0 \u00a0 \u00a0 \u00a0 \u00a0 \u00a0 \u00a0 \u00a0 \u00a0 \u00a0 \u00a0 \u00a0 \u00a0 \u00a0 \u00a0 \u00a0 \u00a0 \u00a0 \u00a0 \u00a0 \u00a0 \u00a0 \u00a0 \u00a0 \u00a0 \u00a0 \u00a0 \u00a0 \u00a0 \u00a0 \u00a0 \u00a0 \u00a0Winfried Weber<br \/>\n<em>Gesch\u00e4ftsf\u00fchrer\u00a0 \u00a0 \u00a0 \u00a0 \u00a0 \u00a0 \u00a0 \u00a0 \u00a0 \u00a0 \u00a0 \u00a0 \u00a0 \u00a0 \u00a0 \u00a0 \u00a0 \u00a0 \u00a0 \u00a0 \u00a0 \u00a0 \u00a0 \u00a0 \u00a0 \u00a0 \u00a0 \u00a0 \u00a0 \u00a0 \u00a0 \u00a0 \u00a0 \u00a0 \u00a0 \u00a0 \u00a0 \u00a0 \u00a0 \u00a0 \u00a0Einsatzleiter<\/em><\/p>\n","protected":false},"excerpt":{"rendered":"<p>Gemeinsam f\u00fcr das Leben im Landkreis Cham e.V. Wir stehen Ihnen zur Seite, wenn Ungl\u00fccksf\u00e4lle \u00fcber Sie hereingebrochen sind, Ihnen schlimme Ereignisse den Boden unter den F\u00fc\u00dfen wegziehen, Sie jemanden brauchen, der Ihren Schmerz mit aush\u00e4lt oder Sie nicht wissen, &hellip; <a href=\"https:\/\/www.notfallseelsorge-cham.de\/\">Weiterlesen <span class=\"meta-nav\">&rarr;<\/span><\/a><\/p>\n","protected":false},"author":1,"featured_media":0,"parent":0,"menu_order":10,"comment_status":"closed","ping_status":"closed","template":"sidebar-page.php","meta":[],"_links":{"self":[{"href":"https:\/\/www.notfallseelsorge-cham.de\/index.php?rest_route=\/wp\/v2\/pages\/18"}],"collection":[{"href":"https:\/\/www.notfallseelsorge-cham.de\/index.php?rest_route=\/wp\/v2\/pages"}],"about":[{"href":"https:\/\/www.notfallseelsorge-cham.de\/index.php?rest_route=\/wp\/v2\/types\/page"}],"author":[{"embeddable":true,"href":"https:\/\/www.notfallseelsorge-cham.de\/index.php?rest_route=\/wp\/v2\/users\/1"}],"replies":[{"embeddable":true,"href":"https:\/\/www.notfallseelsorge-cham.de\/index.php?rest_route=%2Fwp%2Fv2%2Fcomments&post=18"}],"version-history":[{"count":18,"href":"https:\/\/www.notfallseelsorge-cham.de\/index.php?rest_route=\/wp\/v2\/pages\/18\/revisions"}],"predecessor-version":[{"id":335,"href":"https:\/\/www.notfallseelsorge-cham.de\/index.php?rest_route=\/wp\/v2\/pages\/18\/revisions\/335"}],"wp:attachment":[{"href":"https:\/\/www.notfallseelsorge-cham.de\/index.php?rest_route=%2Fwp%2Fv2%2Fmedia&parent=18"}],"curies":[{"name":"wp","href":"https:\/\/api.w.org\/{rel}","templated":true}]}}