{"id":164,"date":"2016-10-24T19:02:47","date_gmt":"2016-10-24T19:02:47","guid":{"rendered":"http:\/\/www.notfallseelsorge-cham.de\/?page_id=164"},"modified":"2016-10-24T19:17:22","modified_gmt":"2016-10-24T19:17:22","slug":"20-jahre-notfallseelsorge","status":"publish","type":"page","link":"https:\/\/www.notfallseelsorge-cham.de\/?page_id=164","title":{"rendered":"20 Jahre Notfallseelsorge"},"content":{"rendered":"<p>Inzwischen ist es \u00fcber 20 Jahre her, dass sich in Deutschland einzelne Initiativen, v.a. im Umfeld der christlichen Kirchen, gegr\u00fcndet haben, um unter der Bezeichnung \u201eNotfallseelsorge\u201c Erste Hilfe im Bereich der Psychosozialen Notfallversorgung (PSNV) zu leisten. Zu den ersten dieser Art in Bayern geh\u00f6rt der Verein \u201eGemeinsam f\u00fcr das Leben \u2013 Landkreis Cham e.V.\u201c, der 1996 aus einem \u201eArbeitskreis Notfallseelsorge in Feuerwehr und Rettungsdienst\u201c auf Bestreben des damaligen Kaplans in Furth im Wald und heutigen Di\u00f6zesan-Sozialpfarrers, Bisch\u00f6flich Geistlicher Rat Monsignore Thomas Schmid, in Zusammenarbeit mit der Freiwilligen Feuerwehr Furth im Wald hervorging. Heute ist der Verein, der im Landkreis Cham die Rettungsorganisationen und die Polizei in der Notfallseelsorge, Krisenintervention, Psychosozialen Notfallversorgung (PSNV) und Einsatzkr\u00e4fte-Nachsorge unterst\u00fctzt, fester und selbstverst\u00e4ndlicher Bestandteil der hiesigen Notfallversorgung.<\/p>\n<div id=\"attachment_168\" style=\"width: 594px\" class=\"wp-caption aligncenter\"><img aria-describedby=\"caption-attachment-168\" decoding=\"async\" loading=\"lazy\" class=\"size-large wp-image-168\" src=\"http:\/\/www.notfallseelsorge-cham.de\/wp-content\/uploads\/2016\/10\/20_Jahre_Notfallseelsorge_Gottesdienst-1024x683.jpg\" alt=\"Gottesdienst in der Kapelle der Kolping-Familienferienst\u00e4tte Lambach\" width=\"584\" height=\"390\" srcset=\"https:\/\/www.notfallseelsorge-cham.de\/wp-content\/uploads\/2016\/10\/20_Jahre_Notfallseelsorge_Gottesdienst-1024x683.jpg 1024w, https:\/\/www.notfallseelsorge-cham.de\/wp-content\/uploads\/2016\/10\/20_Jahre_Notfallseelsorge_Gottesdienst-300x200.jpg 300w, https:\/\/www.notfallseelsorge-cham.de\/wp-content\/uploads\/2016\/10\/20_Jahre_Notfallseelsorge_Gottesdienst-768x512.jpg 768w, https:\/\/www.notfallseelsorge-cham.de\/wp-content\/uploads\/2016\/10\/20_Jahre_Notfallseelsorge_Gottesdienst-450x300.jpg 450w\" sizes=\"(max-width: 584px) 100vw, 584px\" \/><p id=\"caption-attachment-168\" class=\"wp-caption-text\">Gottesdienst in der Kapelle der Kolping-Familienferienst\u00e4tte Lambach<\/p><\/div>\n<div id=\"attachment_172\" style=\"width: 594px\" class=\"wp-caption aligncenter\"><img aria-describedby=\"caption-attachment-172\" decoding=\"async\" loading=\"lazy\" class=\"size-large wp-image-172\" src=\"http:\/\/www.notfallseelsorge-cham.de\/wp-content\/uploads\/2016\/10\/20_Jahre_Notfallseelsorge_Dobler_Limbrunner-1024x683.jpg\" alt=\"Pfarrer Kilian Limbrunner und Diakon Alfred Dobler\" width=\"584\" height=\"390\" srcset=\"https:\/\/www.notfallseelsorge-cham.de\/wp-content\/uploads\/2016\/10\/20_Jahre_Notfallseelsorge_Dobler_Limbrunner-1024x683.jpg 1024w, https:\/\/www.notfallseelsorge-cham.de\/wp-content\/uploads\/2016\/10\/20_Jahre_Notfallseelsorge_Dobler_Limbrunner-300x200.jpg 300w, https:\/\/www.notfallseelsorge-cham.de\/wp-content\/uploads\/2016\/10\/20_Jahre_Notfallseelsorge_Dobler_Limbrunner-768x512.jpg 768w, https:\/\/www.notfallseelsorge-cham.de\/wp-content\/uploads\/2016\/10\/20_Jahre_Notfallseelsorge_Dobler_Limbrunner-450x300.jpg 450w\" sizes=\"(max-width: 584px) 100vw, 584px\" \/><p id=\"caption-attachment-172\" class=\"wp-caption-text\">Pfarrer Kilian Limbrunner und Diakon Alfred Dobler<\/p><\/div>\n<p>Das 20-j\u00e4hrige Bestehen des Vereins war Anlass f\u00fcr einen Ehrenabend am Samstag, 22. Oktober 2016, in Lam. Die aktiven Mitglieder des Vereins trafen sich zusammen mit Vertretern der Partner-Organisationen, mit Freunden und G\u00f6nnern zun\u00e4chst zu einem Gottesdienst in der Kapelle der Kolping-Familienferienst\u00e4tte Lambach und anschlie\u00dfend zu Ehrungen im \u201eEin\u00f6dhof Waldeck\u201c in Lam. Den Gottesdienst zelebrierte Pfarrer Kilian Limbrunner aus Chamerau, unterst\u00fctzt von Diakon Alfred Dobler, drei S\u00e4ngerinnen aus Lam gestalteten ihn musikalisch mit. Rund um das Evangelium vom barmherzigen Samariter hatte der Gottesdienst die N\u00e4chstenliebe zum Thema. Pfarrer Limbrunner betonte, dass zus\u00e4tzlich zur Bereitschaft in einer Krise zu helfen die gro\u00dfe Herausforderung darin besteht, \u201edie richtigen Worte zu finden\u201c oder auch einmal ein Schweigen auszuhalten. In den F\u00fcrbitten beteten die Mitfeiernden f\u00fcr die Betreuten, f\u00fcr die Rettungskr\u00e4fte, f\u00fcr die eigenen Einsatzkr\u00e4fte und f\u00fcr die bereits verstorbenen Vereinsmitglieder, darunter die Mit-Initiatorin, erste Einsatzleiterin und Gesch\u00e4ftsf\u00fchrerin Juliane Beitlich und der fr\u00fchere zweite Vorsitzende, Reinhold Macho, B\u00fcrgermeister von Furth im Wald.<\/p>\n<div id=\"attachment_171\" style=\"width: 594px\" class=\"wp-caption aligncenter\"><img aria-describedby=\"caption-attachment-171\" decoding=\"async\" loading=\"lazy\" class=\"size-large wp-image-171\" src=\"http:\/\/www.notfallseelsorge-cham.de\/wp-content\/uploads\/2016\/10\/20_Jahre_Notfallseelsorge_Musik_Zellner-1024x683.jpg\" alt=\"Ehrenmitglied Theo Zellner bei seinem Gru\u00dfwort\" width=\"584\" height=\"390\" srcset=\"https:\/\/www.notfallseelsorge-cham.de\/wp-content\/uploads\/2016\/10\/20_Jahre_Notfallseelsorge_Musik_Zellner-1024x683.jpg 1024w, https:\/\/www.notfallseelsorge-cham.de\/wp-content\/uploads\/2016\/10\/20_Jahre_Notfallseelsorge_Musik_Zellner-300x200.jpg 300w, https:\/\/www.notfallseelsorge-cham.de\/wp-content\/uploads\/2016\/10\/20_Jahre_Notfallseelsorge_Musik_Zellner-768x512.jpg 768w, https:\/\/www.notfallseelsorge-cham.de\/wp-content\/uploads\/2016\/10\/20_Jahre_Notfallseelsorge_Musik_Zellner-450x300.jpg 450w\" sizes=\"(max-width: 584px) 100vw, 584px\" \/><p id=\"caption-attachment-171\" class=\"wp-caption-text\">Ehrenmitglied Theo Zellner bei seinem Gru\u00dfwort<\/p><\/div>\n<p>Bei dem anschlie\u00dfenden Ehrenabend im \u201eEin\u00f6dhof Waldeck\u201c in Lam erinnerte der erste Vorsitzende des Vereins, Landrat Franz L\u00f6ffler, an die ersten Bem\u00fchungen in Sachen Notfallseelsorge vor \u00fcber 20 Jahren, an die Gr\u00fcndung des Vereins am 17.07.1996 im Kolpinghaus Furth im Wald und an die weiteren Entwicklungen. So sind heute nach inzwischen mehr als 1700 Eins\u00e4tzen in den 20 Jahren, anders als noch in der Anfangszeit, ausschlie\u00dflich aufw\u00e4ndig ausgebildete und nach einem bundesweiten Konzept der Malteser zertifizierte Ehrenamtliche im Einsatz. \u00dcberhaupt dr\u00fcckte Landrat L\u00f6ffler seine Hochachtung aus, dass die zahlreichen engagierten Vereinsmitglieder diese wichtige und anspruchsvolle Aufgabe in der Notfallversorgung rein ehrenamtlich leisten und das schon seit 20 Jahren. Hierf\u00fcr sei die vertrauensvolle Zusammenarbeit mit den Partner-Organisationen vonn\u00f6ten, die auch durch ihr Kommen ihre gro\u00dfe Wertsch\u00e4tzung ausdr\u00fcckten: Kreisbrandrat Johann Weber, Erster Kommandant der Freiwilligen Feuerwehr Furth im Wald, Christian Scheuer, BRK-Rettungsdienstleiter Michael Daiminger und die Leiter der Polizeiinspektionen im Landkreis Cham, Arthur Stelzer (Roding), Alfons Windmai\u00dfer (Cham), Stefan G\u00fcrster (Bad K\u00f6tzting) und Ludwig Kreitl in Vertretung f\u00fcr Thomas Hecht (Furth im Wald).<\/p>\n<div id=\"attachment_167\" style=\"width: 594px\" class=\"wp-caption aligncenter\"><img aria-describedby=\"caption-attachment-167\" decoding=\"async\" loading=\"lazy\" class=\"size-large wp-image-167\" src=\"http:\/\/www.notfallseelsorge-cham.de\/wp-content\/uploads\/2016\/10\/20_Jahre_Notfallseelsorge_Ehrungen-1024x705.jpg\" alt=\"Ehrungen\" width=\"584\" height=\"402\" srcset=\"https:\/\/www.notfallseelsorge-cham.de\/wp-content\/uploads\/2016\/10\/20_Jahre_Notfallseelsorge_Ehrungen-1024x705.jpg 1024w, https:\/\/www.notfallseelsorge-cham.de\/wp-content\/uploads\/2016\/10\/20_Jahre_Notfallseelsorge_Ehrungen-300x207.jpg 300w, https:\/\/www.notfallseelsorge-cham.de\/wp-content\/uploads\/2016\/10\/20_Jahre_Notfallseelsorge_Ehrungen-768x529.jpg 768w, https:\/\/www.notfallseelsorge-cham.de\/wp-content\/uploads\/2016\/10\/20_Jahre_Notfallseelsorge_Ehrungen-436x300.jpg 436w\" sizes=\"(max-width: 584px) 100vw, 584px\" \/><p id=\"caption-attachment-167\" class=\"wp-caption-text\">Ehrungen (v.l.n.r.): Theo Zellner, Diakon Alfons Eiber, Michael Daiminger, G\u00fcnther Bergbauer, Tobias Sp\u00e4th, Barbara Kreuzer, Christian Scheuer, Richard Kreuzer, Thomas Meindl, Gabi Altmann, Martina Dimpfl, Sandro Bauer, Gert Paulus, Franz L\u00f6ffler<\/p><\/div>\n<p>In seinem Gru\u00dfwort lobte der ehemalige Erste Vorsitzende und Landrat Theo Zellner, jetzt Ehrenmitglied des Vereins, das Engagement der Einsatzkr\u00e4fte und sagte Dank f\u00fcr diesen unerm\u00fcdlichen Dienst an den Mitmenschen. Ebenso sagten Kreisbrandrat Johann Weber f\u00fcr die Feuerwehren und Arthur Stelzer f\u00fcr die Polizei Dank f\u00fcr die stets hervorragende Zusammenarbeit und Verl\u00e4sslichkeit. Mehrfach fiel der Name von Einsatzleiter Richard Kreuzer, der zusammen mit den anderen Vereins\u00e4mtern mit bewundernswertem Engagement f\u00fcr eine professionelle und zuverl\u00e4ssige Einsatzt\u00e4tigkeit gerade steht. Diejenigen Einsatzkr\u00e4fte, die bereits seit der Vereinsgr\u00fcndung vor 20 Jahren aktiv im Dienst sind, wurden mit einer Urkunde und einer Kerze geehrt: Martina Dimpfl, Gabi Altmann, Barbara Kreuzer, Anni Baumann (in Abwesenheit), Diakon Alfons Eiber, Richard Kreuzer, Thomas Meindl, Gert Paulus, G\u00fcnther Bergbauer und Tobias Sp\u00e4th. Der \u201eEin\u00f6dhof Waldeck\u201c bot einen wunderbaren Ort f\u00fcr die anschlie\u00dfende Feier und die Familie Frisch konnte mit ihren Leckereien alle Anwesenden begeistern.<\/p>\n<p>&nbsp;<\/p>\n","protected":false},"excerpt":{"rendered":"<p>Inzwischen ist es \u00fcber 20 Jahre her, dass sich in Deutschland einzelne Initiativen, v.a. im Umfeld der christlichen Kirchen, gegr\u00fcndet haben, um unter der Bezeichnung \u201eNotfallseelsorge\u201c Erste Hilfe im Bereich der Psychosozialen Notfallversorgung (PSNV) zu leisten. Zu den ersten dieser &hellip; <a href=\"https:\/\/www.notfallseelsorge-cham.de\/?page_id=164\">Weiterlesen <span class=\"meta-nav\">&rarr;<\/span><\/a><\/p>\n","protected":false},"author":1,"featured_media":0,"parent":0,"menu_order":0,"comment_status":"closed","ping_status":"closed","template":"","meta":[],"_links":{"self":[{"href":"https:\/\/www.notfallseelsorge-cham.de\/index.php?rest_route=\/wp\/v2\/pages\/164"}],"collection":[{"href":"https:\/\/www.notfallseelsorge-cham.de\/index.php?rest_route=\/wp\/v2\/pages"}],"about":[{"href":"https:\/\/www.notfallseelsorge-cham.de\/index.php?rest_route=\/wp\/v2\/types\/page"}],"author":[{"embeddable":true,"href":"https:\/\/www.notfallseelsorge-cham.de\/index.php?rest_route=\/wp\/v2\/users\/1"}],"replies":[{"embeddable":true,"href":"https:\/\/www.notfallseelsorge-cham.de\/index.php?rest_route=%2Fwp%2Fv2%2Fcomments&post=164"}],"version-history":[{"count":4,"href":"https:\/\/www.notfallseelsorge-cham.de\/index.php?rest_route=\/wp\/v2\/pages\/164\/revisions"}],"predecessor-version":[{"id":175,"href":"https:\/\/www.notfallseelsorge-cham.de\/index.php?rest_route=\/wp\/v2\/pages\/164\/revisions\/175"}],"wp:attachment":[{"href":"https:\/\/www.notfallseelsorge-cham.de\/index.php?rest_route=%2Fwp%2Fv2%2Fmedia&parent=164"}],"curies":[{"name":"wp","href":"https:\/\/api.w.org\/{rel}","templated":true}]}}