{"id":11,"date":"2012-02-02T21:23:50","date_gmt":"2012-02-02T21:23:50","guid":{"rendered":"http:\/\/www.notfallseelsorge-landkreis-cham.de\/?page_id=11"},"modified":"2022-07-16T07:26:10","modified_gmt":"2022-07-16T07:26:10","slug":"ausbildung","status":"publish","type":"page","link":"https:\/\/www.notfallseelsorge-cham.de\/?page_id=11","title":{"rendered":"Ausbildung"},"content":{"rendered":"<p>Wer als Mitarbeiter der Krisenintervention in den aktiven Einsatzdienst m\u00f6chte, braucht eine solide Grundausbildung. Unser Qualifizierungsprogramm ist das System der Psychosozialen Notfallversorgung der Malteser.\u00a0Dankenswerterweise durften wir die Inhalte auf dieser Seite \u00fcbernehmen.<\/p>\n<p>1. Schritt: Basisseminar (4 Tage mit Pr\u00fcfung und Gespr\u00e4ch \/ 32 UE)<\/p>\n<p>Im Basisseminar werden den Teilnehmern grunds\u00e4tzliche Kenntnisse der Psychosozialen Notfallversorgung f\u00fcr die Arbeit in den Bereichen Krisenintervention, der Einsatznachsorge (CISM) und der T\u00e4tigkeit als sozialem Ansprechpartner vermittelt, um im Rahmen regul\u00e4rer Eins\u00e4tze des Katastrophenschutzes oder im Rettungsdienst Basisbetreuungen durchf\u00fchren zu k\u00f6nnen. Das Seminar ist nicht dazu geeignet, eigene belastende Erlebnisse aufzuarbeiten. Es schafft eine Basis f\u00fcr die Entscheidung des weiteren Engagements im Bereich der psychosozialen Notfallversorgung. Das Basisseminar ist eine verbindliche Voraussetzung f\u00fcr die Teilnahme am Aufbauseminar Krisenintervention.<\/p>\n<p>Inhalte:<br \/>\nAufbau und Struktur der psychosozialen Notfallversorgung \u2022\u00a0\u00a0\u00a0 Stress, Stressoren und Stressbew\u00e4ltigung, Psychohygiene \u2022\u00a0\u00a0\u00a0 Psychotraumatologie \u2022\u00a0\u00a0\u00a0 Kommunikation und Gespr\u00e4chsf\u00fchrung \u2022\u00a0\u00a0\u00a0 Sterben\/Tod\/Trauer\/Kultur und Religion \u2022\u00a0\u00a0\u00a0 Psychotraumatologie, Pr\u00e4klinische Krisenintervention, therapeutische M\u00f6glichkeiten \u2022\u00a0\u00a0\u00a0 \u201eOrganisationskunde\u201c, Verhalten am Einsatzort \u2022\u00a0\u00a0\u00a0 Grundlagen einer Psychosozialen Betreuung<\/p>\n<div>Die Inhalte werden den Teilnehmern in Unterrichtsgespr\u00e4chen, Rollenspielen und Gruppenarbeiten vermittelt.<\/div>\n<p>Teilnahmevoraussetzungen:<br \/>\nPsychische und physische Stabilit\u00e4t und Belastbarkeit \u2022\u00a0\u00a0\u00a0 F\u00e4higkeit zur Selbst- und Fremdwahrnehmung \u2022\u00a0\u00a0\u00a0 Eigenverantwortlichkeit und Teamf\u00e4higkeit \u2022\u00a0\u00a0\u00a0 \u00d6kumenische Offenheit und Achtung anderer Religionen, Weltanschauungen und \u00a0\u00a0\u00a0\u00a0 Kulturen \u2022\u00a0\u00a0\u00a0 Mindestalter von 21 Jahren \u00a0\u00a0\u00a0\u00a0 (mit Ausnahme Mitarbeiter im RD und Gruppe Soziale Betreuung KatS) \u2022\u00a0\u00a0\u00a0 Helfergrundausbildung, rettungsdienstliche Ausbildung oder gleichwertiges \u2022\u00a0\u00a0\u00a0 Einsatzerfahrung (KatS, Rettungsdienst, Feuerwehr o.\u00e4.)<\/p>\n<p>2. Schritt: Aufbauseminar (8 Tage mit 64 UE)<\/p>\n<p>3. Schritt: Praktikum und Supervision (44 UE und 3 begleitete Eins\u00e4tze)<\/p>\n<p>4. Schritt: St\u00e4ndige Weiterbildung auf \u00f6rtlicher und \u00fcber\u00f6rtlicher Ebene<\/p>\n","protected":false},"excerpt":{"rendered":"<p>Wer als Mitarbeiter der Krisenintervention in den aktiven Einsatzdienst m\u00f6chte, braucht eine solide Grundausbildung. Unser Qualifizierungsprogramm ist das System der Psychosozialen Notfallversorgung der Malteser.\u00a0Dankenswerterweise durften wir die Inhalte auf dieser Seite \u00fcbernehmen. 1. Schritt: Basisseminar (4 Tage mit Pr\u00fcfung und &hellip; <a href=\"https:\/\/www.notfallseelsorge-cham.de\/?page_id=11\">Weiterlesen <span class=\"meta-nav\">&rarr;<\/span><\/a><\/p>\n","protected":false},"author":1,"featured_media":0,"parent":0,"menu_order":40,"comment_status":"closed","ping_status":"closed","template":"sidebar-page.php","meta":[],"_links":{"self":[{"href":"https:\/\/www.notfallseelsorge-cham.de\/index.php?rest_route=\/wp\/v2\/pages\/11"}],"collection":[{"href":"https:\/\/www.notfallseelsorge-cham.de\/index.php?rest_route=\/wp\/v2\/pages"}],"about":[{"href":"https:\/\/www.notfallseelsorge-cham.de\/index.php?rest_route=\/wp\/v2\/types\/page"}],"author":[{"embeddable":true,"href":"https:\/\/www.notfallseelsorge-cham.de\/index.php?rest_route=\/wp\/v2\/users\/1"}],"replies":[{"embeddable":true,"href":"https:\/\/www.notfallseelsorge-cham.de\/index.php?rest_route=%2Fwp%2Fv2%2Fcomments&post=11"}],"version-history":[{"count":10,"href":"https:\/\/www.notfallseelsorge-cham.de\/index.php?rest_route=\/wp\/v2\/pages\/11\/revisions"}],"predecessor-version":[{"id":208,"href":"https:\/\/www.notfallseelsorge-cham.de\/index.php?rest_route=\/wp\/v2\/pages\/11\/revisions\/208"}],"wp:attachment":[{"href":"https:\/\/www.notfallseelsorge-cham.de\/index.php?rest_route=%2Fwp%2Fv2%2Fmedia&parent=11"}],"curies":[{"name":"wp","href":"https:\/\/api.w.org\/{rel}","templated":true}]}}